{"id":72308,"date":"2018-11-28T16:30:04","date_gmt":"2018-11-28T16:30:04","guid":{"rendered":"https:\/\/www.eurotherm.com\/validation-services\/"},"modified":"2019-05-26T13:24:43","modified_gmt":"2019-05-26T13:24:43","slug":"validation-services","status":"publish","type":"page","link":"https:\/\/www.eurotherm.com\/de\/life-sciences-cpg\/lifescience-cpg-regulatory-compliance\/validation-services\/","title":{"rendered":"Validierungs-Service"},"content":{"rendered":"","protected":false},"excerpt":{"rendered":"","protected":false},"author":3,"featured_media":0,"parent":72328,"menu_order":0,"comment_status":"closed","ping_status":"closed","template":"","meta":{"_acf_changed":false,"footnotes":""},"class_list":["post-72308","page","type-page","status-publish","hentry"],"acf":[],"yoast_head":"<!-- This site is optimized with the Yoast SEO plugin v27.2 - https:\/\/yoast.com\/product\/yoast-seo-wordpress\/ -->\n<title>Validierungs-Service | Eurotherm Limited<\/title>\n<meta name=\"description\" content=\"Validierungs-Service | Eurotherm\" \/>\n<meta name=\"robots\" content=\"index, follow, max-snippet:-1, max-image-preview:large, max-video-preview:-1\" \/>\n<meta property=\"og:locale\" content=\"de_DE\" \/>\n<meta property=\"og:type\" content=\"article\" \/>\n<meta property=\"og:title\" content=\"Validierungs-Service | Eurotherm Limited\" \/>\n<meta property=\"og:url\" content=\"https:\/\/www.eurotherm.com\/de\/life-sciences-cpg\/lifescience-cpg-regulatory-compliance\/validation-services\/\" \/>\n<meta property=\"og:site_name\" content=\"Eurotherm Limited\" \/>\n<meta property=\"article:modified_time\" content=\"2019-05-26T13:24:43+00:00\" \/>\n<meta name=\"twitter:card\" content=\"summary_large_image\" \/>\n<script type=\"application\/ld+json\" class=\"yoast-schema-graph\">{\"@context\":\"https:\/\/schema.org\",\"@graph\":[{\"@type\":\"WebPage\",\"@id\":\"https:\/\/www.eurotherm.com\/de\/life-sciences-cpg\/lifescience-cpg-regulatory-compliance\/validation-services\/\",\"url\":\"https:\/\/www.eurotherm.com\/de\/life-sciences-cpg\/lifescience-cpg-regulatory-compliance\/validation-services\/\",\"name\":\"Validierungs-Service | Eurotherm Limited\",\"isPartOf\":{\"@id\":\"https:\/\/www.eurotherm.com\/de\/#website\"},\"datePublished\":\"2018-11-28T16:30:04+00:00\",\"dateModified\":\"2019-05-26T13:24:43+00:00\",\"breadcrumb\":{\"@id\":\"https:\/\/www.eurotherm.com\/de\/life-sciences-cpg\/lifescience-cpg-regulatory-compliance\/validation-services\/#breadcrumb\"},\"inLanguage\":\"de\",\"potentialAction\":[{\"@type\":\"ReadAction\",\"target\":[\"https:\/\/www.eurotherm.com\/de\/life-sciences-cpg\/lifescience-cpg-regulatory-compliance\/validation-services\/\"]}]},{\"@type\":\"BreadcrumbList\",\"@id\":\"https:\/\/www.eurotherm.com\/de\/life-sciences-cpg\/lifescience-cpg-regulatory-compliance\/validation-services\/#breadcrumb\",\"itemListElement\":[{\"@type\":\"ListItem\",\"position\":1,\"name\":\"Home\",\"item\":\"https:\/\/www.eurotherm.com\/de\/\"},{\"@type\":\"ListItem\",\"position\":2,\"name\":\"L\u00f6sungen f\u00fcr Life Science und die Pharma-Industrie\",\"item\":\"https:\/\/www.eurotherm.com\/de\/life-sciences-cpg\/\"},{\"@type\":\"ListItem\",\"position\":3,\"name\":\"Lifescience CPG &#8211; Regulatory Compliance\",\"item\":\"https:\/\/www.eurotherm.com\/de\/life-sciences-cpg\/lifescience-cpg-regulatory-compliance\/\"},{\"@type\":\"ListItem\",\"position\":4,\"name\":\"Validierungs-Service\"}]},{\"@type\":\"WebSite\",\"@id\":\"https:\/\/www.eurotherm.com\/de\/#website\",\"url\":\"https:\/\/www.eurotherm.com\/de\/\",\"name\":\"Eurotherm Limited\",\"description\":\"Temperature Control, Process Control, Measurement and Data Recording Solutions\",\"potentialAction\":[{\"@type\":\"SearchAction\",\"target\":{\"@type\":\"EntryPoint\",\"urlTemplate\":\"https:\/\/www.eurotherm.com\/de\/?s={search_term_string}\"},\"query-input\":{\"@type\":\"PropertyValueSpecification\",\"valueRequired\":true,\"valueName\":\"search_term_string\"}}],\"inLanguage\":\"de\"}]}<\/script>\n<!-- \/ Yoast SEO plugin. -->","yoast_head_json":{"title":"Validierungs-Service | Eurotherm Limited","description":"Validierungs-Service | Eurotherm","robots":{"index":"index","follow":"follow","max-snippet":"max-snippet:-1","max-image-preview":"max-image-preview:large","max-video-preview":"max-video-preview:-1"},"og_locale":"de_DE","og_type":"article","og_title":"Validierungs-Service | Eurotherm Limited","og_url":"https:\/\/www.eurotherm.com\/de\/life-sciences-cpg\/lifescience-cpg-regulatory-compliance\/validation-services\/","og_site_name":"Eurotherm Limited","article_modified_time":"2019-05-26T13:24:43+00:00","twitter_card":"summary_large_image","schema":{"@context":"https:\/\/schema.org","@graph":[{"@type":"WebPage","@id":"https:\/\/www.eurotherm.com\/de\/life-sciences-cpg\/lifescience-cpg-regulatory-compliance\/validation-services\/","url":"https:\/\/www.eurotherm.com\/de\/life-sciences-cpg\/lifescience-cpg-regulatory-compliance\/validation-services\/","name":"Validierungs-Service | Eurotherm Limited","isPartOf":{"@id":"https:\/\/www.eurotherm.com\/de\/#website"},"datePublished":"2018-11-28T16:30:04+00:00","dateModified":"2019-05-26T13:24:43+00:00","breadcrumb":{"@id":"https:\/\/www.eurotherm.com\/de\/life-sciences-cpg\/lifescience-cpg-regulatory-compliance\/validation-services\/#breadcrumb"},"inLanguage":"de","potentialAction":[{"@type":"ReadAction","target":["https:\/\/www.eurotherm.com\/de\/life-sciences-cpg\/lifescience-cpg-regulatory-compliance\/validation-services\/"]}]},{"@type":"BreadcrumbList","@id":"https:\/\/www.eurotherm.com\/de\/life-sciences-cpg\/lifescience-cpg-regulatory-compliance\/validation-services\/#breadcrumb","itemListElement":[{"@type":"ListItem","position":1,"name":"Home","item":"https:\/\/www.eurotherm.com\/de\/"},{"@type":"ListItem","position":2,"name":"L\u00f6sungen f\u00fcr Life Science und die Pharma-Industrie","item":"https:\/\/www.eurotherm.com\/de\/life-sciences-cpg\/"},{"@type":"ListItem","position":3,"name":"Lifescience CPG &#8211; Regulatory Compliance","item":"https:\/\/www.eurotherm.com\/de\/life-sciences-cpg\/lifescience-cpg-regulatory-compliance\/"},{"@type":"ListItem","position":4,"name":"Validierungs-Service"}]},{"@type":"WebSite","@id":"https:\/\/www.eurotherm.com\/de\/#website","url":"https:\/\/www.eurotherm.com\/de\/","name":"Eurotherm Limited","description":"Temperature Control, Process Control, Measurement and Data Recording Solutions","potentialAction":[{"@type":"SearchAction","target":{"@type":"EntryPoint","urlTemplate":"https:\/\/www.eurotherm.com\/de\/?s={search_term_string}"},"query-input":{"@type":"PropertyValueSpecification","valueRequired":true,"valueName":"search_term_string"}}],"inLanguage":"de"}]}},"ACF":{"related_products":"","flexible_content":[{"acf_fc_layout":"full_width_text_block","full_text_block":"<p>Viele unserer Kunden aus den Bereichen Pharmazie, Biotechnologie und medizinische Ger\u00e4te verlangen, dass nach der GAMP-Richtlinie zur Validierung von automatisierten Systemen gearbeitet wird. Diese Richtlinien sind de facto der Standard f\u00fcr Good Automated Manufacturing Practice (Gute automatisierte Herstellungspraktiken, GAMP) in der Gesundheitsindustrie.<\/p>\n<p>Eurotherm bietet Validierungsunterst\u00fctzung w\u00e4hrend des gesamten Lebenszyklus Ihres Projektes. Wir verf\u00fcgen \u00fcber langj\u00e4hrige Erfahrung mit Projekten, die erfolgreich nach der GAMP-Richtlinie validiert wurden, einschlie\u00dflich solcher, die jetzt in FDA-regulierten Umgebungen betrieben werden.<\/p>\n","button_link":"","button_text":"","remove_top_margin":false,"remove_bottom_margin":false}],"show_sidebar":false,"display_accreditations":false},"jetpack_sharing_enabled":true,"_links":{"self":[{"href":"https:\/\/www.eurotherm.com\/de\/wp-json\/wp\/v2\/pages\/72308","targetHints":{"allow":["GET"]}}],"collection":[{"href":"https:\/\/www.eurotherm.com\/de\/wp-json\/wp\/v2\/pages"}],"about":[{"href":"https:\/\/www.eurotherm.com\/de\/wp-json\/wp\/v2\/types\/page"}],"author":[{"embeddable":true,"href":"https:\/\/www.eurotherm.com\/de\/wp-json\/wp\/v2\/users\/3"}],"replies":[{"embeddable":true,"href":"https:\/\/www.eurotherm.com\/de\/wp-json\/wp\/v2\/comments?post=72308"}],"version-history":[{"count":0,"href":"https:\/\/www.eurotherm.com\/de\/wp-json\/wp\/v2\/pages\/72308\/revisions"}],"up":[{"embeddable":true,"href":"https:\/\/www.eurotherm.com\/de\/wp-json\/wp\/v2\/pages\/72328"}],"wp:attachment":[{"href":"https:\/\/www.eurotherm.com\/de\/wp-json\/wp\/v2\/media?parent=72308"}],"curies":[{"name":"wp","href":"https:\/\/api.w.org\/{rel}","templated":true}]}}