{"id":74886,"date":"2018-10-15T08:54:46","date_gmt":"2018-10-16T15:39:50","guid":{"rendered":"https:\/\/www.eurotherm.com\/products\/uncategorised\/t2550-programmeerbare-automation-controlle\/"},"modified":"2020-01-07T11:53:38","modified_gmt":"2020-01-07T11:53:38","slug":"t2550-programmeerbare-automation-controlle","status":"publish","type":"product","link":"https:\/\/www.eurotherm.com\/au\/products\/machine-control-and-process-automation-au\/pac-system-hardware-au\/t2550-programmeerbare-automation-controlle\/","title":{"rendered":"T2550 Programmeerbare Automation Controlle"},"content":{"rendered":"<ul>\n<li>Kosteneffectieve redundante regelaar, automatische inbedrijfstelling, vloeiende overgang en redundante communicatie<\/li>\n<li>Stroomvoorziening, redundante systeemvoeding<\/li>\n<li>Grote beschikbaarheid van systeem redundante CPU\u2019s met automatische overname<\/li>\n<li>On line herconfiguratie<\/li>\n<li>Redundante gegevensopslag<\/li>\n<li>Hot swap I\/O<\/li>\n<li>Alarmcontrole<\/li>\n<li>Signaalvorming<\/li>\n<li>IEC 61131 programmering<\/li>\n<li>Geavanceerde PID-regeling<\/li>\n<\/ul>\n<h2>Krachtige maar eenvoudige technologie<\/h2>\n<p>De T2550 PAC is een krachtige oplossing voor uiterst kosteneffectieve redundantieopties waardoor de uitval van uw processen zeer laag kan blijven. De regeleenheid en het I\/O systeem vormen de basis voor een volledig gedistribueerde regel- en registratieomgeving voor continue analoge, logische en sequenti\u00eble regeling, in combinatie met een betrouwbare gegevensregistratie bij een meetpunt. U profiteert van een maximaal rendement van uw proces.<\/p>\n<p>Als u prijs stelt op innovatie en eenvoud, dan is dit nieuwste automatiserings-product precies wat u zoekt. Hot swap modules, automatische I\/O functies, flash card, duidelijke statusindicatie en een intu\u00eftieve toolset zorgen er allemaal voor dat de T2550 PAC eenvoudig is te gebruiken, installeren en opwaarderen. Dankzij de E-Sync technologie (eenvoudige synchronisatiefunctie van Eurotherm) kan een hoge beschikbaarheid met redundante processors niet eenvoudiger worden gegarandeerd.<\/p>\n<h2>Maximale nuttige procestijd, minimale technische kosten<\/h2>\n<p>De T2550 PAC zorgt voor een hoge beschikbaarheid tegen betaalbare kosten. Met de E-Sync technologie minimaliseert u de technische kosten en de implementatie tijd en vereenvoudigt u het onderhoud.<\/p>\n<p>Als u de T2550 PAC gebruikt, dan verlaagt u uw technische kosten verhoogt u de nuttige procestijd dankzij de hoge beschikbaarheid. In de duplex modus biedt de regelaar redundantie van processors, elektrische voeding en netwerk tegen een onge\u00ebvenaard prijs\/prestatieniveau. De regelaar stuurt redundante elementen automatisch aan, u hoeft de extra processormodule slechts in te steken in de redundante basis en de E-Sync technologie te initi\u00ebren door \u00e9\u00e9n druk op de knop aan de voorzijde van de unit.<\/p>\n<h2>Redundante dataregistratie<\/h2>\n<p>De T2550 zorgt voor een betrouwbare gegevensregistratie op het meetpunt. U hoeft slechts de extra processormodule in te steken. De gegevens worden in het permanente geheugen opgeslagen in een beveiligd formaat om fraude tegen te gaan. Voor waardevolle gegevens is dit de eenvoudigste en krachtigste optie die verkrijgbaar is.<\/p>\n<h2>Autonoom en geintegreerd<\/h2>\n<p>De T2550 is geschikt als een uitgebreide standalone oplossing, of als een krachtige toevoeging tot een breder systeem. De regelaar ondersteunt Modbus TCP, seri\u00eble Modbus RTU (als master en als slave) Profibus slave en OPC en kan worden gebruikt in combinatie met andere systemen, zoals op de pc gebaseerde SCADA-pakketen, Programmable Logic Controllers en Eurotherm\u00ae Visual Supervisor.<\/p>\n<p><strong>IDEAAL VOOR:<\/strong><\/p>\n<ul>\n<li>Retortoven<\/li>\n<li>Glasoven<\/li>\n<li>Fermentatieproces<\/li>\n<li>Sterilisatie<\/li>\n<li>Vriesdroger<\/li>\n<li>BMS, Systemen voor gebouwbeheer<\/li>\n<li>EMS, Milieubeheersystemen<\/li>\n<\/ul>\n","protected":false},"excerpt":{"rendered":"<h2>T2550 Programmeerbare Automation Controller, de voordeligste PAC met hoge beschikbaarheid<\/h2>\n<p>De T2550 PAC is een krachtige oplossing voor uiterst kosteneffectieve redundantieopties waardoor de uitval van uw processen zeer laag kan blijven.<\/p>\n","protected":false},"featured_media":149957,"template":"","meta":{"_acf_changed":false},"product_brand":[],"product_cat":[8674],"product_tag":[],"class_list":{"0":"post-74886","1":"product","2":"type-product","3":"status-publish","4":"has-post-thumbnail","6":"product_cat-pac-system-hardware-au","7":"product_shipping_class-1-au","9":"first","10":"instock","11":"purchasable","12":"product-type-simple"},"acf":[],"yoast_head":"<!-- This site is optimized with the Yoast SEO plugin v27.2 - https:\/\/yoast.com\/product\/yoast-seo-wordpress\/ -->\n<title>T2550 Programmeerbare Automation Controlle | Eurotherm Limited<\/title>\n<meta name=\"description\" content=\"T2550 Programmeerbare Automation Controlle | Kosteneffectieve redundante regelaar, automatische inbedrijfstelling, vloeiende overgang en redundante\" \/>\n<meta name=\"robots\" content=\"index, follow, max-snippet:-1, max-image-preview:large, max-video-preview:-1\" \/>\n<meta property=\"og:locale\" content=\"en_US\" \/>\n<meta property=\"og:type\" content=\"article\" \/>\n<meta property=\"og:title\" content=\"T2550 Programmeerbare Automation Controlle | Eurotherm Limited\" \/>\n<meta property=\"og:description\" content=\"T2550 Programmeerbare Automation Controlle | T2550 Programmeerbare Automation Controller, de voordeligste PAC met hoge beschikbaarheid De T2550 PAC is een krachtige oplossing voor uiterst kosteneffectieve redundantieopties waardoor de uitval van uw processen zeer laag kan blijven.\" \/>\n<meta property=\"og:url\" content=\"https:\/\/www.eurotherm.com\/au\/products\/machine-control-and-process-automation-au\/pac-system-hardware-au\/t2550-programmeerbare-automation-controlle\/\" \/>\n<meta property=\"og:site_name\" content=\"Eurotherm Limited\" \/>\n<meta property=\"article:modified_time\" content=\"2020-01-07T11:53:38+00:00\" \/>\n<meta property=\"og:image\" content=\"https:\/\/www.eurotherm.com\/wp-content\/uploads\/2018\/10\/T2550_PAC-group-image.png\" \/>\n\t<meta property=\"og:image:width\" content=\"856\" \/>\n\t<meta property=\"og:image:height\" content=\"702\" \/>\n\t<meta property=\"og:image:type\" content=\"image\/png\" \/>\n<meta name=\"twitter:card\" content=\"summary_large_image\" \/>\n<meta name=\"twitter:label1\" content=\"Est. reading time\" \/>\n\t<meta name=\"twitter:data1\" content=\"2 minutes\" \/>\n<script type=\"application\/ld+json\" class=\"yoast-schema-graph\">{\"@context\":\"https:\/\/schema.org\",\"@graph\":[{\"@type\":\"WebPage\",\"@id\":\"https:\/\/www.eurotherm.com\/au\/products\/machine-control-and-process-automation-au\/pac-system-hardware-au\/t2550-programmeerbare-automation-controlle\/\",\"url\":\"https:\/\/www.eurotherm.com\/au\/products\/machine-control-and-process-automation-au\/pac-system-hardware-au\/t2550-programmeerbare-automation-controlle\/\",\"name\":\"T2550 Programmeerbare Automation Controlle | Eurotherm Limited\",\"isPartOf\":{\"@id\":\"https:\/\/www.eurotherm.com\/au\/#website\"},\"primaryImageOfPage\":{\"@id\":\"https:\/\/www.eurotherm.com\/au\/products\/machine-control-and-process-automation-au\/pac-system-hardware-au\/t2550-programmeerbare-automation-controlle\/#primaryimage\"},\"image\":{\"@id\":\"https:\/\/www.eurotherm.com\/au\/products\/machine-control-and-process-automation-au\/pac-system-hardware-au\/t2550-programmeerbare-automation-controlle\/#primaryimage\"},\"thumbnailUrl\":\"https:\/\/www.eurotherm.com\/wp-content\/uploads\/2018\/10\/T2550_PAC-group-image.png\",\"datePublished\":\"2018-10-16T15:39:50+00:00\",\"dateModified\":\"2020-01-07T11:53:38+00:00\",\"description\":\"T2550 Programmeerbare Automation Controlle | T2550 Programmeerbare Automation Controller, de voordeligste PAC met hoge beschikbaarheid De T2550 PAC is een krachtige oplossing voor uiterst kosteneffectieve redundantieopties waardoor de uitval van uw processen zeer laag kan blijven.\",\"breadcrumb\":{\"@id\":\"https:\/\/www.eurotherm.com\/au\/products\/machine-control-and-process-automation-au\/pac-system-hardware-au\/t2550-programmeerbare-automation-controlle\/#breadcrumb\"},\"inLanguage\":\"en-AU\",\"potentialAction\":[{\"@type\":\"ReadAction\",\"target\":[\"https:\/\/www.eurotherm.com\/au\/products\/machine-control-and-process-automation-au\/pac-system-hardware-au\/t2550-programmeerbare-automation-controlle\/\"]}]},{\"@type\":\"ImageObject\",\"inLanguage\":\"en-AU\",\"@id\":\"https:\/\/www.eurotherm.com\/au\/products\/machine-control-and-process-automation-au\/pac-system-hardware-au\/t2550-programmeerbare-automation-controlle\/#primaryimage\",\"url\":\"https:\/\/www.eurotherm.com\/wp-content\/uploads\/2018\/10\/T2550_PAC-group-image.png\",\"contentUrl\":\"https:\/\/www.eurotherm.com\/wp-content\/uploads\/2018\/10\/T2550_PAC-group-image.png\",\"width\":856,\"height\":702},{\"@type\":\"BreadcrumbList\",\"@id\":\"https:\/\/www.eurotherm.com\/au\/products\/machine-control-and-process-automation-au\/pac-system-hardware-au\/t2550-programmeerbare-automation-controlle\/#breadcrumb\",\"itemListElement\":[{\"@type\":\"ListItem\",\"position\":1,\"name\":\"Home\",\"item\":\"https:\/\/www.eurotherm.com\/au\/\"},{\"@type\":\"ListItem\",\"position\":2,\"name\":\"Product Catalogue\",\"item\":\"https:\/\/www.eurotherm.com\/au\/product-catalogue\/\"},{\"@type\":\"ListItem\",\"position\":3,\"name\":\"Machine Control and Process Automation\",\"item\":\"https:\/\/www.eurotherm.com\/au\/eurotherm-products\/machine-control-and-process-automation-au\/\"},{\"@type\":\"ListItem\",\"position\":4,\"name\":\"PAC System Hardware\",\"item\":\"https:\/\/www.eurotherm.com\/au\/eurotherm-products\/machine-control-and-process-automation-au\/pac-system-hardware-au\/\"},{\"@type\":\"ListItem\",\"position\":5,\"name\":\"T2550 Programmeerbare Automation Controlle\"}]},{\"@type\":\"WebSite\",\"@id\":\"https:\/\/www.eurotherm.com\/au\/#website\",\"url\":\"https:\/\/www.eurotherm.com\/au\/\",\"name\":\"Eurotherm Limited\",\"description\":\"Temperature Control, Process Control, Measurement and Data Recording Solutions\",\"potentialAction\":[{\"@type\":\"SearchAction\",\"target\":{\"@type\":\"EntryPoint\",\"urlTemplate\":\"https:\/\/www.eurotherm.com\/au\/?s={search_term_string}\"},\"query-input\":{\"@type\":\"PropertyValueSpecification\",\"valueRequired\":true,\"valueName\":\"search_term_string\"}}],\"inLanguage\":\"en-AU\"}]}<\/script>\n<!-- \/ Yoast SEO plugin. -->","yoast_head_json":{"title":"T2550 Programmeerbare Automation Controlle | Eurotherm Limited","description":"T2550 Programmeerbare Automation Controlle | Kosteneffectieve redundante regelaar, automatische inbedrijfstelling, vloeiende overgang en redundante","robots":{"index":"index","follow":"follow","max-snippet":"max-snippet:-1","max-image-preview":"max-image-preview:large","max-video-preview":"max-video-preview:-1"},"og_locale":"en_US","og_type":"article","og_title":"T2550 Programmeerbare Automation Controlle | Eurotherm Limited","og_description":"T2550 Programmeerbare Automation Controlle | T2550 Programmeerbare Automation Controller, de voordeligste PAC met hoge beschikbaarheid De T2550 PAC is een krachtige oplossing voor uiterst kosteneffectieve redundantieopties waardoor de uitval van uw processen zeer laag kan blijven.","og_url":"https:\/\/www.eurotherm.com\/au\/products\/machine-control-and-process-automation-au\/pac-system-hardware-au\/t2550-programmeerbare-automation-controlle\/","og_site_name":"Eurotherm Limited","article_modified_time":"2020-01-07T11:53:38+00:00","og_image":[{"width":856,"height":702,"url":"https:\/\/www.eurotherm.com\/wp-content\/uploads\/2018\/10\/T2550_PAC-group-image.png","type":"image\/png"}],"twitter_card":"summary_large_image","twitter_misc":{"Est. reading time":"2 minutes"},"schema":{"@context":"https:\/\/schema.org","@graph":[{"@type":"WebPage","@id":"https:\/\/www.eurotherm.com\/au\/products\/machine-control-and-process-automation-au\/pac-system-hardware-au\/t2550-programmeerbare-automation-controlle\/","url":"https:\/\/www.eurotherm.com\/au\/products\/machine-control-and-process-automation-au\/pac-system-hardware-au\/t2550-programmeerbare-automation-controlle\/","name":"T2550 Programmeerbare Automation Controlle | Eurotherm Limited","isPartOf":{"@id":"https:\/\/www.eurotherm.com\/au\/#website"},"primaryImageOfPage":{"@id":"https:\/\/www.eurotherm.com\/au\/products\/machine-control-and-process-automation-au\/pac-system-hardware-au\/t2550-programmeerbare-automation-controlle\/#primaryimage"},"image":{"@id":"https:\/\/www.eurotherm.com\/au\/products\/machine-control-and-process-automation-au\/pac-system-hardware-au\/t2550-programmeerbare-automation-controlle\/#primaryimage"},"thumbnailUrl":"https:\/\/www.eurotherm.com\/wp-content\/uploads\/2018\/10\/T2550_PAC-group-image.png","datePublished":"2018-10-16T15:39:50+00:00","dateModified":"2020-01-07T11:53:38+00:00","description":"T2550 Programmeerbare Automation Controlle | T2550 Programmeerbare Automation Controller, de voordeligste PAC met hoge beschikbaarheid De T2550 PAC is een krachtige oplossing voor uiterst kosteneffectieve redundantieopties waardoor de uitval van uw processen zeer laag kan blijven.","breadcrumb":{"@id":"https:\/\/www.eurotherm.com\/au\/products\/machine-control-and-process-automation-au\/pac-system-hardware-au\/t2550-programmeerbare-automation-controlle\/#breadcrumb"},"inLanguage":"en-AU","potentialAction":[{"@type":"ReadAction","target":["https:\/\/www.eurotherm.com\/au\/products\/machine-control-and-process-automation-au\/pac-system-hardware-au\/t2550-programmeerbare-automation-controlle\/"]}]},{"@type":"ImageObject","inLanguage":"en-AU","@id":"https:\/\/www.eurotherm.com\/au\/products\/machine-control-and-process-automation-au\/pac-system-hardware-au\/t2550-programmeerbare-automation-controlle\/#primaryimage","url":"https:\/\/www.eurotherm.com\/wp-content\/uploads\/2018\/10\/T2550_PAC-group-image.png","contentUrl":"https:\/\/www.eurotherm.com\/wp-content\/uploads\/2018\/10\/T2550_PAC-group-image.png","width":856,"height":702},{"@type":"BreadcrumbList","@id":"https:\/\/www.eurotherm.com\/au\/products\/machine-control-and-process-automation-au\/pac-system-hardware-au\/t2550-programmeerbare-automation-controlle\/#breadcrumb","itemListElement":[{"@type":"ListItem","position":1,"name":"Home","item":"https:\/\/www.eurotherm.com\/au\/"},{"@type":"ListItem","position":2,"name":"Product Catalogue","item":"https:\/\/www.eurotherm.com\/au\/product-catalogue\/"},{"@type":"ListItem","position":3,"name":"Machine Control and Process Automation","item":"https:\/\/www.eurotherm.com\/au\/eurotherm-products\/machine-control-and-process-automation-au\/"},{"@type":"ListItem","position":4,"name":"PAC System Hardware","item":"https:\/\/www.eurotherm.com\/au\/eurotherm-products\/machine-control-and-process-automation-au\/pac-system-hardware-au\/"},{"@type":"ListItem","position":5,"name":"T2550 Programmeerbare Automation Controlle"}]},{"@type":"WebSite","@id":"https:\/\/www.eurotherm.com\/au\/#website","url":"https:\/\/www.eurotherm.com\/au\/","name":"Eurotherm Limited","description":"Temperature Control, Process Control, Measurement and Data Recording Solutions","potentialAction":[{"@type":"SearchAction","target":{"@type":"EntryPoint","urlTemplate":"https:\/\/www.eurotherm.com\/au\/?s={search_term_string}"},"query-input":{"@type":"PropertyValueSpecification","valueRequired":true,"valueName":"search_term_string"}}],"inLanguage":"en-AU"}]}},"ACF":{"product_file":[97234,27454,101297,28207,27990,28016,28206,28015,27921,27919,27922,27920,27916,27942,27866,27943,27939,28720,28718,27918,28721,28715,28719,28722,28716,27957,28648,27494,27917,27496,28526,28717,83090,105978,106653,106654,137168,28229]},"jetpack_sharing_enabled":true,"_links":{"self":[{"href":"https:\/\/www.eurotherm.com\/au\/wp-json\/wp\/v2\/product\/74886","targetHints":{"allow":["GET"]}}],"collection":[{"href":"https:\/\/www.eurotherm.com\/au\/wp-json\/wp\/v2\/product"}],"about":[{"href":"https:\/\/www.eurotherm.com\/au\/wp-json\/wp\/v2\/types\/product"}],"wp:featuredmedia":[{"embeddable":true,"href":"https:\/\/www.eurotherm.com\/au\/wp-json\/wp\/v2\/media\/149957"}],"wp:attachment":[{"href":"https:\/\/www.eurotherm.com\/au\/wp-json\/wp\/v2\/media?parent=74886"}],"wp:term":[{"taxonomy":"product_brand","embeddable":true,"href":"https:\/\/www.eurotherm.com\/au\/wp-json\/wp\/v2\/product_brand?post=74886"},{"taxonomy":"product_cat","embeddable":true,"href":"https:\/\/www.eurotherm.com\/au\/wp-json\/wp\/v2\/product_cat?post=74886"},{"taxonomy":"product_tag","embeddable":true,"href":"https:\/\/www.eurotherm.com\/au\/wp-json\/wp\/v2\/product_tag?post=74886"}],"curies":[{"name":"wp","href":"https:\/\/api.w.org\/{rel}","templated":true}]}}